{"id":744,"date":"2023-03-16T13:42:36","date_gmt":"2023-03-16T12:42:36","guid":{"rendered":"http:\/\/aides-commercants.caudry.fr\/?page_id=744"},"modified":"2023-04-21T14:28:36","modified_gmt":"2023-04-21T12:28:36","slug":"mentions-legales","status":"publish","type":"page","link":"https:\/\/aides-commercants.caudry.fr\/index.php\/mentions-legales\/","title":{"rendered":"Mentions l\u00e9gales"},"content":{"rendered":"\t\t<div data-elementor-type=\"wp-page\" data-elementor-id=\"744\" class=\"elementor elementor-744\">\n\t\t\t\t\t\t<section class=\"elementor-section elementor-top-section elementor-element elementor-element-5d5d1838 elementor-section-boxed elementor-section-height-default elementor-section-height-default\" data-id=\"5d5d1838\" data-element_type=\"section\" data-e-type=\"section\">\n\t\t\t\t\t\t<div class=\"elementor-container elementor-column-gap-default\">\n\t\t\t\t\t<div class=\"elementor-column elementor-col-100 elementor-top-column elementor-element elementor-element-307c348\" data-id=\"307c348\" data-element_type=\"column\" data-e-type=\"column\">\n\t\t\t<div class=\"elementor-widget-wrap elementor-element-populated\">\n\t\t\t\t\t\t<div class=\"elementor-element elementor-element-be3e707 elementor-widget elementor-widget-spacer\" data-id=\"be3e707\" data-element_type=\"widget\" data-e-type=\"widget\" data-widget_type=\"spacer.default\">\n\t\t\t\t<div class=\"elementor-widget-container\">\n\t\t\t\t\t\t\t<div class=\"elementor-spacer\">\n\t\t\t<div class=\"elementor-spacer-inner\"><\/div>\n\t\t<\/div>\n\t\t\t\t\t\t<\/div>\n\t\t\t\t<\/div>\n\t\t\t\t\t<\/div>\n\t\t<\/div>\n\t\t\t\t\t<\/div>\n\t\t<\/section>\n\t\t\t\t<section class=\"elementor-section elementor-top-section elementor-element elementor-element-4358a8db elementor-section-full_width elementor-section-height-default elementor-section-height-default\" data-id=\"4358a8db\" data-element_type=\"section\" data-e-type=\"section\" data-settings=\"{&quot;background_background&quot;:&quot;classic&quot;}\">\n\t\t\t\t\t\t<div class=\"elementor-container elementor-column-gap-default\">\n\t\t\t\t\t<div class=\"elementor-column elementor-col-100 elementor-top-column elementor-element elementor-element-44ad8c35\" data-id=\"44ad8c35\" data-element_type=\"column\" data-e-type=\"column\">\n\t\t\t<div class=\"elementor-widget-wrap elementor-element-populated\">\n\t\t\t\t\t\t<div class=\"elementor-element elementor-element-1663711c elementor-widget elementor-widget-text-editor\" data-id=\"1663711c\" data-element_type=\"widget\" data-e-type=\"widget\" data-widget_type=\"text-editor.default\">\n\t\t\t\t<div class=\"elementor-widget-container\">\n\t\t\t\t\t\t\t\t\t<p>Le pr\u00e9sent site est la propri\u00e9t\u00e9 de La Ville de Caudry,<br \/>Place du G\u00e9n\u00e9ral de Gaulle, 59540 Caudry,<\/p><p>T\u00e9l\u00e9phone: +33 (0)3 27 75 70 00<\/p>\t\t\t\t\t\t\t\t<\/div>\n\t\t\t\t<\/div>\n\t\t\t\t<div class=\"elementor-element elementor-element-2933b4ce elementor-widget elementor-widget-heading\" data-id=\"2933b4ce\" data-element_type=\"widget\" data-e-type=\"widget\" data-widget_type=\"heading.default\">\n\t\t\t\t<div class=\"elementor-widget-container\">\n\t\t\t\t\t<h2 class=\"elementor-heading-title elementor-size-default\">Responsabilit\u00e9 \u00e9ditoriale<\/h2>\t\t\t\t<\/div>\n\t\t\t\t<\/div>\n\t\t\t\t<div class=\"elementor-element elementor-element-78f40a3 elementor-widget elementor-widget-text-editor\" data-id=\"78f40a3\" data-element_type=\"widget\" data-e-type=\"widget\" data-widget_type=\"text-editor.default\">\n\t\t\t\t<div class=\"elementor-widget-container\">\n\t\t\t\t\t\t\t\t\t<p>Le directeur de la publication est M. Le Maire, M. BRICOUT Fr\u00e9deric<br \/>T\u00e9l\u00e9phone : +33 (0)3 27 75 70 00<\/p>\t\t\t\t\t\t\t\t<\/div>\n\t\t\t\t<\/div>\n\t\t\t\t<div class=\"elementor-element elementor-element-cff48c9 elementor-widget elementor-widget-heading\" data-id=\"cff48c9\" data-element_type=\"widget\" data-e-type=\"widget\" data-widget_type=\"heading.default\">\n\t\t\t\t<div class=\"elementor-widget-container\">\n\t\t\t\t\t<h2 class=\"elementor-heading-title elementor-size-default\">H\u00e9bergement et conception du site<\/h2>\t\t\t\t<\/div>\n\t\t\t\t<\/div>\n\t\t\t\t<div class=\"elementor-element elementor-element-1e9ba71 elementor-widget elementor-widget-text-editor\" data-id=\"1e9ba71\" data-element_type=\"widget\" data-e-type=\"widget\" data-widget_type=\"text-editor.default\">\n\t\t\t\t<div class=\"elementor-widget-container\">\n\t\t\t\t\t\t\t\t\t<p>La conception du pr\u00e9sent site est assur\u00e9e par\u00a0 M. LEROY Dylan 2023<\/p><p>et l&rsquo;h\u00e9bergement est assur\u00e9 par le STIC de la mairie de Caudry.<\/p>\t\t\t\t\t\t\t\t<\/div>\n\t\t\t\t<\/div>\n\t\t\t\t<div class=\"elementor-element elementor-element-30d5628 elementor-widget elementor-widget-heading\" data-id=\"30d5628\" data-element_type=\"widget\" data-e-type=\"widget\" data-widget_type=\"heading.default\">\n\t\t\t\t<div class=\"elementor-widget-container\">\n\t\t\t\t\t<h2 class=\"elementor-heading-title elementor-size-default\">Conditions G\u00e9n\u00e9rales d'Utilisation<\/h2>\t\t\t\t<\/div>\n\t\t\t\t<\/div>\n\t\t\t\t<div class=\"elementor-element elementor-element-4319205 elementor-widget elementor-widget-text-editor\" data-id=\"4319205\" data-element_type=\"widget\" data-e-type=\"widget\" data-widget_type=\"text-editor.default\">\n\t\t\t\t<div class=\"elementor-widget-container\">\n\t\t\t\t\t\t\t\t\t<h3>Art. 1 : D\u00e9finitions<\/h3>\n<p>Dans l\u2019ensemble du document seront appel\u00e9s :<br>&#8211; Utilisateur : Toute personne navigant simplement sur le site aides-commercants.caudry.fr<\/p>\n<h3>Art. 2 : Objet<\/h3>\n<p>Les pr\u00e9sentes Conditions G\u00e9n\u00e9rales d\u2019Utilisation fixent les termes et conditions selon lesquelles aides-commercants.caudry.fr fournit les services aux utilisateurs.<\/p>\n<p>Toute utilisation des services et contenus pr\u00e9sents sur le site aides-commercants.caudry.fr se fera dans le respect des pr\u00e9sentes conditions.<\/p>\n<h3>Art. 3 : Acceptation des conditions g\u00e9n\u00e9rales d\u2019utilisation<\/h3>\n<p>Pour pouvoir utiliser les services de aides-commercants.caudry.fr, l\u2019utilisateur doit disposer d\u2019un acc\u00e8s Internet demeurant \u00e0 la charge de l\u2019utilisateur.<\/p>\n<p>La Ville de Caudry s\u2019efforce de fournir le service accessible 7J\/7, 24h\/24, 365 jours par an.<\/p>\n<p>Ceci \u00e9tant, les al\u00e9as du r\u00e9seau font que le service Internet peut \u00eatre inaccessible lors des op\u00e9rations de maintenance du serveur par l&rsquo;hebergeur final, ou ses partenaires ou des op\u00e9rations de maintenance de tout ou partie de aides-commercants.caudry.fr.<\/p>\n<p>Ainsi La Ville de Caudry peut rendre indisponible un ou plusieurs services, ou l\u2019int\u00e9gralit\u00e9 des services sans aucun pr\u00e9avis ni d\u00e9dommagement.<\/p>\n<p>L\u2019utilisateur accepte le fait que La Ville de Caudry ou ses fournisseurs ne pourront \u00eatre en cas tenus pour responsables de tout dommage mat\u00e9riel et\/ou immat\u00e9riel, direct et\/ou indirect d\u00e9coulant de l\u2019utilisation ou de l\u2019impossibilit\u00e9 d\u2019utiliser le service.<\/p>\n<p>L\u2019utilisateur garantit conna\u00eetre les risques de l\u2019internet, ses caract\u00e9ristiques et ses limites. Ainsi que le fait que Internet est un r\u00e9seau ouvert ne pouvant \u00eatre ma\u00eetris\u00e9 par La Ville de Caudry, et que les \u00e9changes de donn\u00e9es ne sont en aucun cas prot\u00e9g\u00e9s contre les risques de d\u00e9tournement et de piratage \u00e9ventuels. S&rsquo;il \u00e9tait port\u00e9 \u00e0 la connaissance de La Ville de Caudry qu\u2019une de ses bases de donn\u00e9es avait \u00e9t\u00e9 pirat\u00e9e, malgr\u00e9 l\u2019attention particuli\u00e8re port\u00e9e \u00e0 la protection de ses donn\u00e9es, l\u2019utilisateur en serait inform\u00e9 en page d\u2019accueil du site mais aucun d\u00e9dommagement ne pourrait \u00eatre demand\u00e9.<\/p>\n<p>L\u2019utilisateur conna\u00eet \u00e9galement les contraintes techniques, les temps de r\u00e9ponses, et les possibilit\u00e9s qu\u2019offre le r\u00e9seau, ainsi en aucun cas La Ville de Caudry ne pourra \u00eatre responsable d\u2019un temps d\u2019acc\u00e8s tr\u00e8s lent au r\u00e9seau.<\/p>\n<p>D\u2019autre part, l\u2019utilisateur est responsable de toutes les donn\u00e9es t\u00e9l\u00e9charg\u00e9es. Notamment, et la liste n\u2019est pas limitative, des diff\u00e9rents t\u00e9l\u00e9chargements pouvant contenir virus, chevaux de Troie, spyware ou tout autre malware.<\/p>\n<p>L\u2019utilisateur garantit conna\u00eetre les r\u00e8gles de bon usage de l\u2019internet et du respect des personnes sur le r\u00e9seau ainsi que la Netiquette mais aussi la Charte Internet consultable sur Internet.<\/p>\n<h3>Art. 4 : Donn\u00e9es Personnelles<\/h3>\n<p>Les Cookies : aides-commercants.caudry.fr utilise les cookies \u00e0 seul fin de permettre une accessibilit\u00e9 accrue aux services.<\/p>\n<p>Le pr\u00e9sent site utilise un syst\u00e8me de cookies pour conna\u00eetre simplement la fr\u00e9quentation du site.<br>Cliquez sur l&rsquo;ic\u00f4ne en bas \u00e0 droite pour acc\u00e8der a vos pr\u00e9f\u00e9rences de suivi.<\/p>\n<h3>Art. 5 : Utilisateur Enregistr\u00e9<\/h3>\n<p>Est d\u00e9clar\u00e9 comme utilisateur enregistr\u00e9 un utilisateur qui a renseign\u00e9 sur le formulaire d\u2019inscription un login (alias ou nom d\u2019utilisateur), un mot de passe et une adresse Email valide, ou a utilis\u00e9 les services de connexion rapides Facebook, Twitter, Google ou autres.<\/p>\n<p>Un utilisateur enregistr\u00e9 a valid\u00e9 les pr\u00e9sentes conditions d\u2019utilisation dans leur int\u00e9gralit\u00e9.<\/p>\n<p>L\u2019acc\u00e8s au compte est strictement r\u00e9serv\u00e9 \u00e0 la personne physique inscrite. Ainsi tout utilisation du compte sera consid\u00e9r\u00e9e comme \u00e9tant effectu\u00e9e par la personne inscrite.<\/p>\n<p>aides-commercants.caudry.fr, conform\u00e9ment \u00e0 la loi LEN, enregistre les adresses IP de chaque utilisateur enregistr\u00e9 pour une dur\u00e9e au moins \u00e9gale \u00e0 6 mois.<\/p>\n<h3>Art. 6 : Propri\u00e9t\u00e9 Intellectuelle<\/h3>\n<p>aides-commercants.caudry.fr respecte la propri\u00e9t\u00e9 intellectuelle.<\/p>\n<p>Certaines des images du site aides-commercants.caudry.fr viennent du site <a href=\"https:\/\/fr.freepik.com\/\" target=\"_blank\" rel=\"noopener\">Freepik.com<\/a><\/p>\n<p>L\u2019utilisateur reconna\u00eet que chaque \u00e9l\u00e9ment dont l\u2019auteur ne serait pas sp\u00e9cifi\u00e9 par un nom de personnalit\u00e9 physique, morale ou par un alias, est la propri\u00e9t\u00e9 unique de La Ville de Caudry. Par cons\u00e9quent ces \u00e9l\u00e9ments ne peuvent pas \u00eatre repris partiellement ou en totalit\u00e9 sans accord \u00e9crit de La Ville de Caudry.<\/p>\n<h3>Art. 7 : R\u00e9glementation de l\u2019utilisation des services<\/h3>\n<p>aides-commercants.caudry.fr propose des services gratuits ou payants qu\u2019il fournit lui m\u00eame ou par l\u2019interm\u00e9diaire de ses partenaires.<\/p>\n<h3>Art. 8 : Indemnisation<\/h3>\n<p>L\u2019utilisateur s\u2019engage \u00e0 garantir et indemniser La Ville de Caudry ainsi que ses partenaires et dirigeants contre tout dommage, plainte ou demande \u00e9manant d\u2019un tiers cons\u00e9cutivement \u00e0 l\u2019affichage, la transmission, l\u2019envoi, le t\u00e9l\u00e9chargement de contenu par l\u2019utilisateur ou toute personne ayant eu acc\u00e8s au compte de l\u2019utilisateur enregistr\u00e9, \u00e0 l\u2019utilisation du service ou des droits d\u2019autrui ou de l\u2019ordre public. Cette garantie comprend les frais de justice et les diff\u00e9rentes indemnisations aux victimes et ayants droit.<\/p>\n<h3>Art. 9 : Loi applicable, attribution de comp\u00e9tence<\/h3>\n<p>Les pr\u00e9sentes conditions d\u2019utilisation sont soumises \u00e0 la loi fran\u00e7aise. Toute contestation relative \u00e0 l\u2019ex\u00e9cution ou l\u2019interpr\u00e9tation de ces conditions g\u00e9n\u00e9rales de vente sont de la comp\u00e9tence exclusive du Tribunal du si\u00e8ge social de La Ville de Caudry, m\u00eame en cas de pluralit\u00e9 de d\u00e9fendeurs.<\/p>\n<p>Si l&rsquo;une quelconque des stipulations des pr\u00e9sentes conditions est tenue pour nulle et sans objet, elle sera r\u00e9put\u00e9e non \u00e9crite et n&rsquo;entra\u00eenera pas la nullit\u00e9 des autres stipulations.<\/p>\n<div style=\"all: initial;\">&nbsp;<\/div>\t\t\t\t\t\t\t\t<\/div>\n\t\t\t\t<\/div>\n\t\t\t\t\t<\/div>\n\t\t<\/div>\n\t\t\t\t\t<\/div>\n\t\t<\/section>\n\t\t\t\t<section class=\"elementor-section elementor-top-section elementor-element elementor-element-67af3377 elementor-section-boxed elementor-section-height-default elementor-section-height-default\" data-id=\"67af3377\" data-element_type=\"section\" data-e-type=\"section\">\n\t\t\t\t\t\t<div class=\"elementor-container elementor-column-gap-default\">\n\t\t\t\t\t<div class=\"elementor-column elementor-col-100 elementor-top-column elementor-element elementor-element-5e992265\" data-id=\"5e992265\" data-element_type=\"column\" data-e-type=\"column\">\n\t\t\t<div class=\"elementor-widget-wrap elementor-element-populated\">\n\t\t\t\t\t\t<div class=\"elementor-element elementor-element-5a6e33e2 elementor-widget elementor-widget-spacer\" data-id=\"5a6e33e2\" data-element_type=\"widget\" data-e-type=\"widget\" data-widget_type=\"spacer.default\">\n\t\t\t\t<div class=\"elementor-widget-container\">\n\t\t\t\t\t\t\t<div class=\"elementor-spacer\">\n\t\t\t<div class=\"elementor-spacer-inner\"><\/div>\n\t\t<\/div>\n\t\t\t\t\t\t<\/div>\n\t\t\t\t<\/div>\n\t\t\t\t\t<\/div>\n\t\t<\/div>\n\t\t\t\t\t<\/div>\n\t\t<\/section>\n\t\t\t\t<\/div>\n\t\t","protected":false},"excerpt":{"rendered":"<p>Le pr\u00e9sent site est la propri\u00e9t\u00e9 de La Ville de Caudry,Place du G\u00e9n\u00e9ral de Gaulle, 59540 Caudry, T\u00e9l\u00e9phone: +33 (0)3 27 75 70 00 Responsabilit\u00e9 \u00e9ditoriale Le directeur de la publication est M. Le Maire, M. BRICOUT Fr\u00e9dericT\u00e9l\u00e9phone : +33 (0)3 27 75 70 00 H\u00e9bergement et conception du site La conception du pr\u00e9sent site&hellip;&nbsp;<a href=\"https:\/\/aides-commercants.caudry.fr\/index.php\/mentions-legales\/\" rel=\"bookmark\">Lire la suite &raquo;<span class=\"screen-reader-text\">Mentions l\u00e9gales<\/span><\/a><\/p>\n","protected":false},"author":1,"featured_media":0,"parent":0,"menu_order":0,"comment_status":"closed","ping_status":"closed","template":"","meta":{"neve_meta_sidebar":"","neve_meta_container":"","neve_meta_enable_content_width":"","neve_meta_content_width":0,"neve_meta_title_alignment":"","neve_meta_author_avatar":"","neve_post_elements_order":"","neve_meta_disable_header":"","neve_meta_disable_footer":"","neve_meta_disable_title":"","footnotes":""},"class_list":["post-744","page","type-page","status-publish","hentry"],"yoast_head":"<!-- This site is optimized with the Yoast SEO plugin v27.3 - https:\/\/yoast.com\/product\/yoast-seo-wordpress\/ -->\n<title>Mentions l\u00e9gales - Aides au commercant<\/title>\n<meta name=\"robots\" content=\"noindex, follow, max-snippet:-1, max-image-preview:large, max-video-preview:-1\" \/>\n<meta property=\"og:locale\" content=\"fr_FR\" \/>\n<meta property=\"og:type\" content=\"article\" \/>\n<meta property=\"og:title\" content=\"Mentions l\u00e9gales - Aides au commercant\" \/>\n<meta property=\"og:description\" content=\"Le pr\u00e9sent site est la propri\u00e9t\u00e9 de La Ville de Caudry,Place du G\u00e9n\u00e9ral de Gaulle, 59540 Caudry, T\u00e9l\u00e9phone: +33 (0)3 27 75 70 00 Responsabilit\u00e9 \u00e9ditoriale Le directeur de la publication est M. Le Maire, M. BRICOUT Fr\u00e9dericT\u00e9l\u00e9phone : +33 (0)3 27 75 70 00 H\u00e9bergement et conception du site La conception du pr\u00e9sent site&hellip;&nbsp;Lire la suite &raquo;Mentions l\u00e9gales\" \/>\n<meta property=\"og:url\" content=\"https:\/\/aides-commercants.caudry.fr\/index.php\/mentions-legales\/\" \/>\n<meta property=\"og:site_name\" content=\"Aides au commercant\" \/>\n<meta property=\"article:modified_time\" content=\"2023-04-21T12:28:36+00:00\" \/>\n<meta name=\"twitter:card\" content=\"summary_large_image\" \/>\n<meta name=\"twitter:label1\" content=\"Dur\u00e9e de lecture estim\u00e9e\" \/>\n\t<meta name=\"twitter:data1\" content=\"5 minutes\" \/>\n<script type=\"application\/ld+json\" class=\"yoast-schema-graph\">{\"@context\":\"https:\\\/\\\/schema.org\",\"@graph\":[{\"@type\":\"WebPage\",\"@id\":\"https:\\\/\\\/aides-commercants.caudry.fr\\\/index.php\\\/mentions-legales\\\/\",\"url\":\"https:\\\/\\\/aides-commercants.caudry.fr\\\/index.php\\\/mentions-legales\\\/\",\"name\":\"Mentions l\u00e9gales - Aides au commercant\",\"isPartOf\":{\"@id\":\"https:\\\/\\\/aides-commercants.caudry.fr\\\/#website\"},\"datePublished\":\"2023-03-16T12:42:36+00:00\",\"dateModified\":\"2023-04-21T12:28:36+00:00\",\"breadcrumb\":{\"@id\":\"https:\\\/\\\/aides-commercants.caudry.fr\\\/index.php\\\/mentions-legales\\\/#breadcrumb\"},\"inLanguage\":\"fr-FR\",\"potentialAction\":[{\"@type\":\"ReadAction\",\"target\":[\"https:\\\/\\\/aides-commercants.caudry.fr\\\/index.php\\\/mentions-legales\\\/\"]}]},{\"@type\":\"BreadcrumbList\",\"@id\":\"https:\\\/\\\/aides-commercants.caudry.fr\\\/index.php\\\/mentions-legales\\\/#breadcrumb\",\"itemListElement\":[{\"@type\":\"ListItem\",\"position\":1,\"name\":\"Accueil\",\"item\":\"https:\\\/\\\/aides-commercants.caudry.fr\\\/\"},{\"@type\":\"ListItem\",\"position\":2,\"name\":\"Mentions l\u00e9gales\"}]},{\"@type\":\"WebSite\",\"@id\":\"https:\\\/\\\/aides-commercants.caudry.fr\\\/#website\",\"url\":\"https:\\\/\\\/aides-commercants.caudry.fr\\\/\",\"name\":\"Aides au commercant\",\"description\":\"\",\"publisher\":{\"@id\":\"https:\\\/\\\/aides-commercants.caudry.fr\\\/#organization\"},\"potentialAction\":[{\"@type\":\"SearchAction\",\"target\":{\"@type\":\"EntryPoint\",\"urlTemplate\":\"https:\\\/\\\/aides-commercants.caudry.fr\\\/?s={search_term_string}\"},\"query-input\":{\"@type\":\"PropertyValueSpecification\",\"valueRequired\":true,\"valueName\":\"search_term_string\"}}],\"inLanguage\":\"fr-FR\"},{\"@type\":\"Organization\",\"@id\":\"https:\\\/\\\/aides-commercants.caudry.fr\\\/#organization\",\"name\":\"Aides au commercant\",\"url\":\"https:\\\/\\\/aides-commercants.caudry.fr\\\/\",\"logo\":{\"@type\":\"ImageObject\",\"inLanguage\":\"fr-FR\",\"@id\":\"https:\\\/\\\/aides-commercants.caudry.fr\\\/#\\\/schema\\\/logo\\\/image\\\/\",\"url\":\"http:\\\/\\\/aides-commercants.caudry.fr\\\/wp-content\\\/uploads\\\/2023\\\/03\\\/caudry.png\",\"contentUrl\":\"http:\\\/\\\/aides-commercants.caudry.fr\\\/wp-content\\\/uploads\\\/2023\\\/03\\\/caudry.png\",\"width\":148,\"height\":70,\"caption\":\"Aides au commercant\"},\"image\":{\"@id\":\"https:\\\/\\\/aides-commercants.caudry.fr\\\/#\\\/schema\\\/logo\\\/image\\\/\"}}]}<\/script>\n<!-- \/ Yoast SEO plugin. -->","yoast_head_json":{"title":"Mentions l\u00e9gales - Aides au commercant","robots":{"index":"noindex","follow":"follow","max-snippet":"max-snippet:-1","max-image-preview":"max-image-preview:large","max-video-preview":"max-video-preview:-1"},"og_locale":"fr_FR","og_type":"article","og_title":"Mentions l\u00e9gales - Aides au commercant","og_description":"Le pr\u00e9sent site est la propri\u00e9t\u00e9 de La Ville de Caudry,Place du G\u00e9n\u00e9ral de Gaulle, 59540 Caudry, T\u00e9l\u00e9phone: +33 (0)3 27 75 70 00 Responsabilit\u00e9 \u00e9ditoriale Le directeur de la publication est M. Le Maire, M. BRICOUT Fr\u00e9dericT\u00e9l\u00e9phone : +33 (0)3 27 75 70 00 H\u00e9bergement et conception du site La conception du pr\u00e9sent site&hellip;&nbsp;Lire la suite &raquo;Mentions l\u00e9gales","og_url":"https:\/\/aides-commercants.caudry.fr\/index.php\/mentions-legales\/","og_site_name":"Aides au commercant","article_modified_time":"2023-04-21T12:28:36+00:00","twitter_card":"summary_large_image","twitter_misc":{"Dur\u00e9e de lecture estim\u00e9e":"5 minutes"},"schema":{"@context":"https:\/\/schema.org","@graph":[{"@type":"WebPage","@id":"https:\/\/aides-commercants.caudry.fr\/index.php\/mentions-legales\/","url":"https:\/\/aides-commercants.caudry.fr\/index.php\/mentions-legales\/","name":"Mentions l\u00e9gales - Aides au commercant","isPartOf":{"@id":"https:\/\/aides-commercants.caudry.fr\/#website"},"datePublished":"2023-03-16T12:42:36+00:00","dateModified":"2023-04-21T12:28:36+00:00","breadcrumb":{"@id":"https:\/\/aides-commercants.caudry.fr\/index.php\/mentions-legales\/#breadcrumb"},"inLanguage":"fr-FR","potentialAction":[{"@type":"ReadAction","target":["https:\/\/aides-commercants.caudry.fr\/index.php\/mentions-legales\/"]}]},{"@type":"BreadcrumbList","@id":"https:\/\/aides-commercants.caudry.fr\/index.php\/mentions-legales\/#breadcrumb","itemListElement":[{"@type":"ListItem","position":1,"name":"Accueil","item":"https:\/\/aides-commercants.caudry.fr\/"},{"@type":"ListItem","position":2,"name":"Mentions l\u00e9gales"}]},{"@type":"WebSite","@id":"https:\/\/aides-commercants.caudry.fr\/#website","url":"https:\/\/aides-commercants.caudry.fr\/","name":"Aides au commercant","description":"","publisher":{"@id":"https:\/\/aides-commercants.caudry.fr\/#organization"},"potentialAction":[{"@type":"SearchAction","target":{"@type":"EntryPoint","urlTemplate":"https:\/\/aides-commercants.caudry.fr\/?s={search_term_string}"},"query-input":{"@type":"PropertyValueSpecification","valueRequired":true,"valueName":"search_term_string"}}],"inLanguage":"fr-FR"},{"@type":"Organization","@id":"https:\/\/aides-commercants.caudry.fr\/#organization","name":"Aides au commercant","url":"https:\/\/aides-commercants.caudry.fr\/","logo":{"@type":"ImageObject","inLanguage":"fr-FR","@id":"https:\/\/aides-commercants.caudry.fr\/#\/schema\/logo\/image\/","url":"http:\/\/aides-commercants.caudry.fr\/wp-content\/uploads\/2023\/03\/caudry.png","contentUrl":"http:\/\/aides-commercants.caudry.fr\/wp-content\/uploads\/2023\/03\/caudry.png","width":148,"height":70,"caption":"Aides au commercant"},"image":{"@id":"https:\/\/aides-commercants.caudry.fr\/#\/schema\/logo\/image\/"}}]}},"_links":{"self":[{"href":"https:\/\/aides-commercants.caudry.fr\/index.php\/wp-json\/wp\/v2\/pages\/744","targetHints":{"allow":["GET"]}}],"collection":[{"href":"https:\/\/aides-commercants.caudry.fr\/index.php\/wp-json\/wp\/v2\/pages"}],"about":[{"href":"https:\/\/aides-commercants.caudry.fr\/index.php\/wp-json\/wp\/v2\/types\/page"}],"author":[{"embeddable":true,"href":"https:\/\/aides-commercants.caudry.fr\/index.php\/wp-json\/wp\/v2\/users\/1"}],"replies":[{"embeddable":true,"href":"https:\/\/aides-commercants.caudry.fr\/index.php\/wp-json\/wp\/v2\/comments?post=744"}],"version-history":[{"count":43,"href":"https:\/\/aides-commercants.caudry.fr\/index.php\/wp-json\/wp\/v2\/pages\/744\/revisions"}],"predecessor-version":[{"id":4702,"href":"https:\/\/aides-commercants.caudry.fr\/index.php\/wp-json\/wp\/v2\/pages\/744\/revisions\/4702"}],"wp:attachment":[{"href":"https:\/\/aides-commercants.caudry.fr\/index.php\/wp-json\/wp\/v2\/media?parent=744"}],"curies":[{"name":"wp","href":"https:\/\/api.w.org\/{rel}","templated":true}]}}