{"id":102,"date":"2023-03-08T16:35:49","date_gmt":"2023-03-08T15:35:49","guid":{"rendered":"http:\/\/aides-commercants.caudry.fr\/?page_id=102"},"modified":"2023-04-24T16:54:20","modified_gmt":"2023-04-24T14:54:20","slug":"aide-aux-commercant-de-la-ville-de-caudry","status":"publish","type":"page","link":"https:\/\/aides-commercants.caudry.fr\/","title":{"rendered":"Aide aux commer\u00e7ants de Caudry"},"content":{"rendered":"\t\t<div data-elementor-type=\"wp-page\" data-elementor-id=\"102\" class=\"elementor elementor-102\">\n\t\t\t\t\t\t<section class=\"elementor-section elementor-top-section elementor-element elementor-element-0f669c4 elementor-section-boxed elementor-section-height-default elementor-section-height-default\" data-id=\"0f669c4\" data-element_type=\"section\" data-e-type=\"section\">\n\t\t\t\t\t\t<div class=\"elementor-container elementor-column-gap-default\">\n\t\t\t\t\t<div class=\"elementor-column elementor-col-100 elementor-top-column elementor-element elementor-element-971c9f4\" data-id=\"971c9f4\" data-element_type=\"column\" data-e-type=\"column\">\n\t\t\t<div class=\"elementor-widget-wrap elementor-element-populated\">\n\t\t\t\t\t\t<div class=\"elementor-element elementor-element-6d21466 elementor-widget elementor-widget-spacer\" data-id=\"6d21466\" data-element_type=\"widget\" data-e-type=\"widget\" data-widget_type=\"spacer.default\">\n\t\t\t\t<div class=\"elementor-widget-container\">\n\t\t\t\t\t\t\t<div class=\"elementor-spacer\">\n\t\t\t<div class=\"elementor-spacer-inner\"><\/div>\n\t\t<\/div>\n\t\t\t\t\t\t<\/div>\n\t\t\t\t<\/div>\n\t\t\t\t\t<\/div>\n\t\t<\/div>\n\t\t\t\t\t<\/div>\n\t\t<\/section>\n\t\t\t\t<section class=\"elementor-section elementor-top-section elementor-element elementor-element-f87f971 elementor-section-full_width elementor-section-height-default elementor-section-height-default\" data-id=\"f87f971\" data-element_type=\"section\" data-e-type=\"section\" data-settings=\"{&quot;background_background&quot;:&quot;classic&quot;}\">\n\t\t\t\t\t\t<div class=\"elementor-container elementor-column-gap-default\">\n\t\t\t\t\t<div class=\"elementor-column elementor-col-50 elementor-top-column elementor-element elementor-element-cb7b259\" data-id=\"cb7b259\" data-element_type=\"column\" data-e-type=\"column\">\n\t\t\t<div class=\"elementor-widget-wrap elementor-element-populated\">\n\t\t\t\t\t\t<div class=\"elementor-element elementor-element-3ef3eaf elementor-widget elementor-widget-image-carousel\" data-id=\"3ef3eaf\" data-element_type=\"widget\" data-e-type=\"widget\" data-settings=\"{&quot;slides_to_show&quot;:&quot;1&quot;,&quot;navigation&quot;:&quot;none&quot;,&quot;pause_on_hover&quot;:&quot;no&quot;,&quot;autoplay&quot;:&quot;yes&quot;,&quot;pause_on_interaction&quot;:&quot;yes&quot;,&quot;autoplay_speed&quot;:5000,&quot;infinite&quot;:&quot;yes&quot;,&quot;effect&quot;:&quot;slide&quot;,&quot;speed&quot;:500}\" data-widget_type=\"image-carousel.default\">\n\t\t\t\t<div class=\"elementor-widget-container\">\n\t\t\t\t\t\t\t<div class=\"elementor-image-carousel-wrapper swiper\" role=\"region\" aria-roledescription=\"carousel\" aria-label=\"Carrousel d\u2019images\" dir=\"ltr\">\n\t\t\t<div class=\"elementor-image-carousel swiper-wrapper\" aria-live=\"off\">\n\t\t\t\t\t\t\t\t<div class=\"swiper-slide\" role=\"group\" aria-roledescription=\"slide\" aria-label=\"1 sur 5\"><figure class=\"swiper-slide-inner\"><img decoding=\"async\" class=\"swiper-slide-image\" src=\"https:\/\/aides-commercants.caudry.fr\/wp-content\/uploads\/2023\/04\/Mairie-2-min-768x514.jpg\" alt=\"Mairie 2-min\" \/><\/figure><\/div><div class=\"swiper-slide\" role=\"group\" aria-roledescription=\"slide\" aria-label=\"2 sur 5\"><figure class=\"swiper-slide-inner\"><img decoding=\"async\" class=\"swiper-slide-image\" src=\"https:\/\/aides-commercants.caudry.fr\/wp-content\/uploads\/2023\/04\/Musee-des-dentelles-et-broderies-ville-de-Caudry-min-768x512.jpg\" alt=\"Mus\u00e9e des dentelles et broderies - ville de Caudry-min\" \/><\/figure><\/div><div class=\"swiper-slide\" role=\"group\" aria-roledescription=\"slide\" aria-label=\"3 sur 5\"><figure class=\"swiper-slide-inner\"><img decoding=\"async\" class=\"swiper-slide-image\" src=\"https:\/\/aides-commercants.caudry.fr\/wp-content\/uploads\/2023\/03\/theatre-768x450.png\" alt=\"theatre\" \/><\/figure><\/div><div class=\"swiper-slide\" role=\"group\" aria-roledescription=\"slide\" aria-label=\"4 sur 5\"><figure class=\"swiper-slide-inner\"><img decoding=\"async\" class=\"swiper-slide-image\" src=\"https:\/\/aides-commercants.caudry.fr\/wp-content\/uploads\/2023\/03\/biblioteque-768x450.png\" alt=\"biblioteque\" \/><\/figure><\/div><div class=\"swiper-slide\" role=\"group\" aria-roledescription=\"slide\" aria-label=\"5 sur 5\"><figure class=\"swiper-slide-inner\"><img decoding=\"async\" class=\"swiper-slide-image\" src=\"https:\/\/aides-commercants.caudry.fr\/wp-content\/uploads\/2023\/04\/Base-de-Loisirs-et-Nature-ville-de-Caudry-min-min-768x512.jpg\" alt=\"Base de Loisirs et Nature - ville de Caudry-min-min\" \/><\/figure><\/div>\t\t\t<\/div>\n\t\t\t\t\t\t\t\n\t\t\t\t\t\t\t\t\t<\/div>\n\t\t\t\t\t\t<\/div>\n\t\t\t\t<\/div>\n\t\t\t\t\t<\/div>\n\t\t<\/div>\n\t\t\t\t<div class=\"elementor-column elementor-col-50 elementor-top-column elementor-element elementor-element-beb7777\" data-id=\"beb7777\" data-element_type=\"column\" data-e-type=\"column\">\n\t\t\t<div class=\"elementor-widget-wrap elementor-element-populated\">\n\t\t\t\t\t\t<div class=\"elementor-element elementor-element-759eb93 elementor-widget elementor-widget-spacer\" data-id=\"759eb93\" data-element_type=\"widget\" data-e-type=\"widget\" data-widget_type=\"spacer.default\">\n\t\t\t\t<div class=\"elementor-widget-container\">\n\t\t\t\t\t\t\t<div class=\"elementor-spacer\">\n\t\t\t<div class=\"elementor-spacer-inner\"><\/div>\n\t\t<\/div>\n\t\t\t\t\t\t<\/div>\n\t\t\t\t<\/div>\n\t\t\t\t<div class=\"elementor-element elementor-element-158ac51 elementor-widget elementor-widget-heading\" data-id=\"158ac51\" data-element_type=\"widget\" data-e-type=\"widget\" data-widget_type=\"heading.default\">\n\t\t\t\t<div class=\"elementor-widget-container\">\n\t\t\t\t\t<h2 class=\"elementor-heading-title elementor-size-default\">Aides aux commer\u00e7ants de Caudry<\/h2>\t\t\t\t<\/div>\n\t\t\t\t<\/div>\n\t\t\t\t<div class=\"elementor-element elementor-element-a472c9b elementor-widget elementor-widget-text-editor\" data-id=\"a472c9b\" data-element_type=\"widget\" data-e-type=\"widget\" data-widget_type=\"text-editor.default\">\n\t\t\t\t<div class=\"elementor-widget-container\">\n\t\t\t\t\t\t\t\t\t<div class=\"flex flex-grow flex-col gap-3\"><div class=\"min-h-[20px] flex flex-col items-start gap-4 whitespace-pre-wrap\"><p style=\"line-height: 100%; margin-bottom: 0cm;\"><span style=\"font-style: normal;\">L\u2019aide aux commer\u00e7ants de Caudry doit \u00eatre une priorit\u00e9 absolue, car les commer\u00e7ants locaux sont essentiels \u00e0 notre \u00e9conomie et contribuent grandement \u00e0 la vitalit\u00e9 de notre commune.<\/span><\/p><p style=\"font-style: normal; line-height: 100%; margin-bottom: 0cm;\">\u00a0<\/p><p style=\"font-style: normal; line-height: 100%; margin-bottom: 0cm;\">Pour soutenir nos commer\u00e7ants tout au long de leur parcours entrepreneurial, nous avons mis en place ce site. Nous sommes conscients des d\u00e9fis auxquels ils font face, notamment en p\u00e9riode de crise \u00e9conomique.<\/p><p style=\"font-style: normal; line-height: 100%; margin-bottom: 0cm;\">\u00a0<\/p><p style=\"font-style: normal; line-height: 100%; margin-bottom: 0cm;\">Nous faisons tout notre possible pour les soutenir et les aider \u00e0 prosp\u00e9rer dans leur entreprise.<\/p><p style=\"font-style: normal; line-height: 100%; margin-bottom: 0cm;\">\u00a0<\/p><p style=\"line-height: 100%; margin-bottom: 0cm;\"><span style=\"font-style: normal;\">Fr\u00e9d\u00e9ric BRICOUT, Maire de Caudry<\/span><\/p><\/div><\/div>\t\t\t\t\t\t\t\t<\/div>\n\t\t\t\t<\/div>\n\t\t\t\t\t<\/div>\n\t\t<\/div>\n\t\t\t\t\t<\/div>\n\t\t<\/section>\n\t\t\t\t<\/div>\n\t\t","protected":false},"excerpt":{"rendered":"<p>Aides aux commer\u00e7ants de Caudry L\u2019aide aux commer\u00e7ants de Caudry doit \u00eatre une priorit\u00e9 absolue, car les commer\u00e7ants locaux sont essentiels \u00e0 notre \u00e9conomie et contribuent grandement \u00e0 la vitalit\u00e9 de notre commune. \u00a0 Pour soutenir nos commer\u00e7ants tout au long de leur parcours entrepreneurial, nous avons mis en place ce site. Nous sommes conscients&hellip;&nbsp;<a href=\"https:\/\/aides-commercants.caudry.fr\/\" rel=\"bookmark\">Lire la suite &raquo;<span class=\"screen-reader-text\">Aide aux commer\u00e7ants de Caudry<\/span><\/a><\/p>\n","protected":false},"author":1,"featured_media":0,"parent":0,"menu_order":0,"comment_status":"closed","ping_status":"closed","template":"elementor_header_footer","meta":{"neve_meta_sidebar":"","neve_meta_container":"","neve_meta_enable_content_width":"","neve_meta_content_width":0,"neve_meta_title_alignment":"","neve_meta_author_avatar":"","neve_post_elements_order":"","neve_meta_disable_header":"","neve_meta_disable_footer":"","neve_meta_disable_title":"","footnotes":""},"class_list":["post-102","page","type-page","status-publish","hentry"],"yoast_head":"<!-- This site is optimized with the Yoast SEO plugin v27.3 - https:\/\/yoast.com\/product\/yoast-seo-wordpress\/ -->\n<title>Aide aux commer\u00e7ants de Caudry - Aides au commercant<\/title>\n<meta name=\"description\" content=\"Trouvez les solutions adapt\u00e9es \u00e0 vos besoins pour votre activit\u00e9 commerciale gr\u00e2ce au site &quot;Aide aux commer\u00e7ants de Caudry&quot;.\" \/>\n<meta name=\"robots\" content=\"noindex, follow, max-snippet:-1, max-image-preview:large, max-video-preview:-1\" \/>\n<meta property=\"og:locale\" content=\"fr_FR\" \/>\n<meta property=\"og:type\" content=\"article\" \/>\n<meta property=\"og:title\" content=\"Aide aux commer\u00e7ants de Caudry - Aides au commercant\" \/>\n<meta property=\"og:description\" content=\"Trouvez les solutions adapt\u00e9es \u00e0 vos besoins pour votre activit\u00e9 commerciale gr\u00e2ce au site &quot;Aide aux commer\u00e7ants de Caudry&quot;.\" \/>\n<meta property=\"og:url\" content=\"https:\/\/aides-commercants.caudry.fr\/\" \/>\n<meta property=\"og:site_name\" content=\"Aides au commercant\" \/>\n<meta property=\"article:modified_time\" content=\"2023-04-24T14:54:20+00:00\" \/>\n<meta property=\"og:image\" content=\"https:\/\/aides-commercants.caudry.fr\/wp-content\/uploads\/2023\/04\/Mairie-2-min-768x514.jpg\" \/>\n<meta name=\"twitter:card\" content=\"summary_large_image\" \/>\n<meta name=\"twitter:label1\" content=\"Dur\u00e9e de lecture estim\u00e9e\" \/>\n\t<meta name=\"twitter:data1\" content=\"2 minutes\" \/>\n<script type=\"application\/ld+json\" class=\"yoast-schema-graph\">{\"@context\":\"https:\\\/\\\/schema.org\",\"@graph\":[{\"@type\":\"WebPage\",\"@id\":\"https:\\\/\\\/aides-commercants.caudry.fr\\\/\",\"url\":\"https:\\\/\\\/aides-commercants.caudry.fr\\\/\",\"name\":\"Aide aux commer\u00e7ants de Caudry - Aides au commercant\",\"isPartOf\":{\"@id\":\"https:\\\/\\\/aides-commercants.caudry.fr\\\/#website\"},\"primaryImageOfPage\":{\"@id\":\"https:\\\/\\\/aides-commercants.caudry.fr\\\/#primaryimage\"},\"image\":{\"@id\":\"https:\\\/\\\/aides-commercants.caudry.fr\\\/#primaryimage\"},\"thumbnailUrl\":\"https:\\\/\\\/aides-commercants.caudry.fr\\\/wp-content\\\/uploads\\\/2023\\\/04\\\/Mairie-2-min-768x514.jpg\",\"datePublished\":\"2023-03-08T15:35:49+00:00\",\"dateModified\":\"2023-04-24T14:54:20+00:00\",\"description\":\"Trouvez les solutions adapt\u00e9es \u00e0 vos besoins pour votre activit\u00e9 commerciale gr\u00e2ce au site \\\"Aide aux commer\u00e7ants de Caudry\\\".\",\"breadcrumb\":{\"@id\":\"https:\\\/\\\/aides-commercants.caudry.fr\\\/#breadcrumb\"},\"inLanguage\":\"fr-FR\",\"potentialAction\":[{\"@type\":\"ReadAction\",\"target\":[\"https:\\\/\\\/aides-commercants.caudry.fr\\\/\"]}]},{\"@type\":\"ImageObject\",\"inLanguage\":\"fr-FR\",\"@id\":\"https:\\\/\\\/aides-commercants.caudry.fr\\\/#primaryimage\",\"url\":\"https:\\\/\\\/aides-commercants.caudry.fr\\\/wp-content\\\/uploads\\\/2023\\\/04\\\/Mairie-2-min-scaled.jpg\",\"contentUrl\":\"https:\\\/\\\/aides-commercants.caudry.fr\\\/wp-content\\\/uploads\\\/2023\\\/04\\\/Mairie-2-min-scaled.jpg\",\"width\":2560,\"height\":1714},{\"@type\":\"BreadcrumbList\",\"@id\":\"https:\\\/\\\/aides-commercants.caudry.fr\\\/#breadcrumb\",\"itemListElement\":[{\"@type\":\"ListItem\",\"position\":1,\"name\":\"Accueil\",\"item\":\"https:\\\/\\\/aides-commercants.caudry.fr\\\/\"},{\"@type\":\"ListItem\",\"position\":2,\"name\":\"Aide aux commer\u00e7ants de Caudry\"}]},{\"@type\":\"WebSite\",\"@id\":\"https:\\\/\\\/aides-commercants.caudry.fr\\\/#website\",\"url\":\"https:\\\/\\\/aides-commercants.caudry.fr\\\/\",\"name\":\"Aides au commercant\",\"description\":\"\",\"publisher\":{\"@id\":\"https:\\\/\\\/aides-commercants.caudry.fr\\\/#organization\"},\"potentialAction\":[{\"@type\":\"SearchAction\",\"target\":{\"@type\":\"EntryPoint\",\"urlTemplate\":\"https:\\\/\\\/aides-commercants.caudry.fr\\\/?s={search_term_string}\"},\"query-input\":{\"@type\":\"PropertyValueSpecification\",\"valueRequired\":true,\"valueName\":\"search_term_string\"}}],\"inLanguage\":\"fr-FR\"},{\"@type\":\"Organization\",\"@id\":\"https:\\\/\\\/aides-commercants.caudry.fr\\\/#organization\",\"name\":\"Aides au commercant\",\"url\":\"https:\\\/\\\/aides-commercants.caudry.fr\\\/\",\"logo\":{\"@type\":\"ImageObject\",\"inLanguage\":\"fr-FR\",\"@id\":\"https:\\\/\\\/aides-commercants.caudry.fr\\\/#\\\/schema\\\/logo\\\/image\\\/\",\"url\":\"http:\\\/\\\/aides-commercants.caudry.fr\\\/wp-content\\\/uploads\\\/2023\\\/03\\\/caudry.png\",\"contentUrl\":\"http:\\\/\\\/aides-commercants.caudry.fr\\\/wp-content\\\/uploads\\\/2023\\\/03\\\/caudry.png\",\"width\":148,\"height\":70,\"caption\":\"Aides au commercant\"},\"image\":{\"@id\":\"https:\\\/\\\/aides-commercants.caudry.fr\\\/#\\\/schema\\\/logo\\\/image\\\/\"}}]}<\/script>\n<!-- \/ Yoast SEO plugin. -->","yoast_head_json":{"title":"Aide aux commer\u00e7ants de Caudry - Aides au commercant","description":"Trouvez les solutions adapt\u00e9es \u00e0 vos besoins pour votre activit\u00e9 commerciale gr\u00e2ce au site \"Aide aux commer\u00e7ants de Caudry\".","robots":{"index":"noindex","follow":"follow","max-snippet":"max-snippet:-1","max-image-preview":"max-image-preview:large","max-video-preview":"max-video-preview:-1"},"og_locale":"fr_FR","og_type":"article","og_title":"Aide aux commer\u00e7ants de Caudry - Aides au commercant","og_description":"Trouvez les solutions adapt\u00e9es \u00e0 vos besoins pour votre activit\u00e9 commerciale gr\u00e2ce au site \"Aide aux commer\u00e7ants de Caudry\".","og_url":"https:\/\/aides-commercants.caudry.fr\/","og_site_name":"Aides au commercant","article_modified_time":"2023-04-24T14:54:20+00:00","og_image":[{"url":"https:\/\/aides-commercants.caudry.fr\/wp-content\/uploads\/2023\/04\/Mairie-2-min-768x514.jpg","type":"","width":"","height":""}],"twitter_card":"summary_large_image","twitter_misc":{"Dur\u00e9e de lecture estim\u00e9e":"2 minutes"},"schema":{"@context":"https:\/\/schema.org","@graph":[{"@type":"WebPage","@id":"https:\/\/aides-commercants.caudry.fr\/","url":"https:\/\/aides-commercants.caudry.fr\/","name":"Aide aux commer\u00e7ants de Caudry - Aides au commercant","isPartOf":{"@id":"https:\/\/aides-commercants.caudry.fr\/#website"},"primaryImageOfPage":{"@id":"https:\/\/aides-commercants.caudry.fr\/#primaryimage"},"image":{"@id":"https:\/\/aides-commercants.caudry.fr\/#primaryimage"},"thumbnailUrl":"https:\/\/aides-commercants.caudry.fr\/wp-content\/uploads\/2023\/04\/Mairie-2-min-768x514.jpg","datePublished":"2023-03-08T15:35:49+00:00","dateModified":"2023-04-24T14:54:20+00:00","description":"Trouvez les solutions adapt\u00e9es \u00e0 vos besoins pour votre activit\u00e9 commerciale gr\u00e2ce au site \"Aide aux commer\u00e7ants de Caudry\".","breadcrumb":{"@id":"https:\/\/aides-commercants.caudry.fr\/#breadcrumb"},"inLanguage":"fr-FR","potentialAction":[{"@type":"ReadAction","target":["https:\/\/aides-commercants.caudry.fr\/"]}]},{"@type":"ImageObject","inLanguage":"fr-FR","@id":"https:\/\/aides-commercants.caudry.fr\/#primaryimage","url":"https:\/\/aides-commercants.caudry.fr\/wp-content\/uploads\/2023\/04\/Mairie-2-min-scaled.jpg","contentUrl":"https:\/\/aides-commercants.caudry.fr\/wp-content\/uploads\/2023\/04\/Mairie-2-min-scaled.jpg","width":2560,"height":1714},{"@type":"BreadcrumbList","@id":"https:\/\/aides-commercants.caudry.fr\/#breadcrumb","itemListElement":[{"@type":"ListItem","position":1,"name":"Accueil","item":"https:\/\/aides-commercants.caudry.fr\/"},{"@type":"ListItem","position":2,"name":"Aide aux commer\u00e7ants de Caudry"}]},{"@type":"WebSite","@id":"https:\/\/aides-commercants.caudry.fr\/#website","url":"https:\/\/aides-commercants.caudry.fr\/","name":"Aides au commercant","description":"","publisher":{"@id":"https:\/\/aides-commercants.caudry.fr\/#organization"},"potentialAction":[{"@type":"SearchAction","target":{"@type":"EntryPoint","urlTemplate":"https:\/\/aides-commercants.caudry.fr\/?s={search_term_string}"},"query-input":{"@type":"PropertyValueSpecification","valueRequired":true,"valueName":"search_term_string"}}],"inLanguage":"fr-FR"},{"@type":"Organization","@id":"https:\/\/aides-commercants.caudry.fr\/#organization","name":"Aides au commercant","url":"https:\/\/aides-commercants.caudry.fr\/","logo":{"@type":"ImageObject","inLanguage":"fr-FR","@id":"https:\/\/aides-commercants.caudry.fr\/#\/schema\/logo\/image\/","url":"http:\/\/aides-commercants.caudry.fr\/wp-content\/uploads\/2023\/03\/caudry.png","contentUrl":"http:\/\/aides-commercants.caudry.fr\/wp-content\/uploads\/2023\/03\/caudry.png","width":148,"height":70,"caption":"Aides au commercant"},"image":{"@id":"https:\/\/aides-commercants.caudry.fr\/#\/schema\/logo\/image\/"}}]}},"_links":{"self":[{"href":"https:\/\/aides-commercants.caudry.fr\/index.php\/wp-json\/wp\/v2\/pages\/102","targetHints":{"allow":["GET"]}}],"collection":[{"href":"https:\/\/aides-commercants.caudry.fr\/index.php\/wp-json\/wp\/v2\/pages"}],"about":[{"href":"https:\/\/aides-commercants.caudry.fr\/index.php\/wp-json\/wp\/v2\/types\/page"}],"author":[{"embeddable":true,"href":"https:\/\/aides-commercants.caudry.fr\/index.php\/wp-json\/wp\/v2\/users\/1"}],"replies":[{"embeddable":true,"href":"https:\/\/aides-commercants.caudry.fr\/index.php\/wp-json\/wp\/v2\/comments?post=102"}],"version-history":[{"count":299,"href":"https:\/\/aides-commercants.caudry.fr\/index.php\/wp-json\/wp\/v2\/pages\/102\/revisions"}],"predecessor-version":[{"id":4842,"href":"https:\/\/aides-commercants.caudry.fr\/index.php\/wp-json\/wp\/v2\/pages\/102\/revisions\/4842"}],"wp:attachment":[{"href":"https:\/\/aides-commercants.caudry.fr\/index.php\/wp-json\/wp\/v2\/media?parent=102"}],"curies":[{"name":"wp","href":"https:\/\/api.w.org\/{rel}","templated":true}]}}